{"id":759,"date":"2017-01-11T18:16:39","date_gmt":"2017-01-11T18:16:39","guid":{"rendered":"http:\/\/mnkythemes.com\/vital\/medical\/?page_id=759"},"modified":"2023-09-27T12:33:53","modified_gmt":"2023-09-27T12:33:53","slug":"medical-services","status":"publish","type":"page","link":"https:\/\/praxis-ingenegeren.de\/index.php\/medical-services\/","title":{"rendered":"Impressum"},"content":{"rendered":"<p>[vc_row top=&#8220;0px&#8220; bottom=&#8220;0px&#8220;][vc_column][vc_column_text]<\/p>\n<div id=\"main\" class=\"clearfix\">\n<div id=\"container\" class=\"row-inner\">\n<div id=\"sidebar\" class=\"float-left\">\n<div class=\"page-sidebar\">\n<div class=\"widget-area\">\n<aside id=\"text-3\" class=\"widget widget_text\">\n<h3 class=\"widget-title\">Angaben gem\u00e4\u00df \u00a7 5 TMG:<\/h3>\n<div class=\"textwidget\">\n<p><strong>Zahnarztpraxis drs. Ingenegeren M.Sc. M.Sc.<br \/>\n<\/strong>Schwerpunkte: Implantologie, Laser-Zahnheilkunde, Zahn\u00e4rztliche Chirurgie<\/p>\n<p>Gladbecker Str. 223A<br \/>\n46240 Bottrop<br \/>\n<strong><br \/>\n<\/strong><strong>Kontakt:<br \/>\n<\/strong><strong>Tel:<\/strong> 02041-922 41<br \/>\n<strong>Fax:<\/strong> 02041-939 74<br \/>\n<strong>Email:<\/strong> info@ingenengeren.de<br \/>\n<strong>Web:<\/strong> praxis-ingenegeren.de<\/p>\n<p><strong>Aufsichtsbeh\u00f6rde:<\/strong><br \/>\nKassenzahn\u00e4rztliche Vereinigung Westfalen-Lippe K.d.\u00f6.R.<br \/>\nAuf der Horst 25<br \/>\n48147 M\u00fcnster<\/p>\n<div class=\"address-po-box mt-2\">Postfach 4220<br \/>\n48023 M\u00fcnster<\/div>\n<div class=\"phone mt-2\">0251 &#8211; 507 0<\/div>\n<div class=\"fax mt-2\">0251 &#8211; 507 117<\/div>\n<div class=\"www mt-2\"><a class=\"mail\" href=\"mailto:kzvwl@zahnaerzte-wl.de\">kzvwl@zahnaerzte-wl.de<\/a><\/div>\n<p><strong><br \/>\nBerufsbezeichnung:<\/strong><br \/>\nZahnarzt (verliehen in der Bundesrepublik Deutschland)<\/p>\n<p><strong>Zust\u00e4ndige Kammer:<\/strong><br \/>\nZahn\u00e4rztekammer Westfalen-Lippe K.d.\u00f6.R.<br \/>\nAuf der Horst 29<br \/>\n48147 M\u00fcnster<\/p>\n<div class=\"address-po-box mt-2\">\n<p>Postfach 8843<br \/>\n48047 M\u00fcnster<\/p>\n<p><strong>Berufsrechtliche Regelungen:<\/strong><\/p>\n<\/div>\n<ul>\n<li>Zahnheilkundegesetz<\/li>\n<li>Heilberufsgesetz NRW<\/li>\n<li>Geb\u00fchrenordnung f\u00fcr Zahn\u00e4rzte<\/li>\n<li>Berufsordnung f\u00fcr Zahn\u00e4rzte<\/li>\n<\/ul>\n<p>Regelungen einsehbar unter:<br \/>\n<a href=\"http:\/\/www.zahnaerztekammernordrhein.de\/fuer-zahnaerzte\/recht-goz\/\">http:\/\/www.zahnaerztekammernordrhein.de\/fuer-zahnaerzte\/recht-goz\/<\/a><\/p>\n<\/div>\n<\/aside>\n<\/div>\n<\/div>\n<\/div>\n<\/div>\n<\/div>\n<footer class=\"site-footer\">\n<div class=\"wpb_row\">\n<div class=\"footer-sidebar\">\n<div class=\"row-inner\">\n<div class=\"vc_col-sm-3\">\n<div class=\"widget-area\">\n<aside id=\"text-7\" class=\"widget widget_text\">\n<h3 class=\"widget-title\">Kontakt<\/h3>\n<div class=\"textwidget\">\n<div class=\"custom-list-item\"><i class=\"fa fa-home\"><\/i>Vernumer Stra\u00dfe 27<\/div>\n<\/div>\n<\/aside>\n<\/div>\n<\/div>\n<\/div>\n<\/div>\n<\/div>\n<\/footer>\n<p>[\/vc_column_text][vc_row_inner][vc_column_inner][vc_empty_space height=&#8220;10px&#8220;][vc_column_text]<\/p>\n<h4>Haftungsausschluss (Disclaimer)<\/h4>\n<p><strong>Haftung f\u00fcr Inhalte<\/strong><\/p>\n<p>Als Diensteanbieter sind wir gem\u00e4\u00df \u00a7 7 Abs.1 TMG f\u00fcr eigene Inhalte auf diesen Seiten nach den allgemeinen Gesetzen verantwortlich. Nach \u00a7\u00a7 8 bis 10 TMG sind wir als Diensteanbieter jedoch nicht verpflichtet, \u00fcbermittelte oder gespeicherte fremde Informationen zu \u00fcberwachen oder nach Umst\u00e4nden zu forschen, die auf eine rechtswidrige T\u00e4tigkeit hinweisen.<\/p>\n<p>Verpflichtungen zur Entfernung oder Sperrung der Nutzung von Informationen nach den allgemeinen Gesetzen bleiben hiervon unber\u00fchrt. Eine diesbez\u00fcgliche Haftung ist jedoch erst ab dem Zeitpunkt der Kenntnis einer konkreten Rechtsverletzung m\u00f6glich. Bei Bekanntwerden von entsprechenden Rechtsverletzungen werden wir diese Inhalte umgehend entfernen.<\/p>\n<p><strong>Haftung f\u00fcr Links<\/strong><\/p>\n<p>Unser Angebot enth\u00e4lt Links zu externen Webseiten Dritter, auf deren Inhalte wir keinen Einfluss haben. Deshalb k\u00f6nnen wir f\u00fcr diese fremden Inhalte auch keine Gew\u00e4hr \u00fcbernehmen. F\u00fcr die Inhalte der verlinkten Seiten ist stets der jeweilige Anbieter oder Betreiber der Seiten verantwortlich. Die verlinkten Seiten wurden zum Zeitpunkt der Verlinkung auf m\u00f6gliche Rechtsverst\u00f6\u00dfe \u00fcberpr\u00fcft. Rechtswidrige Inhalte waren zum Zeitpunkt der Verlinkung nicht erkennbar.<br \/>\nEine permanente inhaltliche Kontrolle der verlinkten Seiten ist jedoch ohne konkrete Anhaltspunkte einer Rechtsverletzung nicht zumutbar. Bei Bekanntwerden von Rechtsverletzungen werden wir derartige Links umgehend entfernen.<\/p>\n<p><strong>Urheberrecht<\/strong><\/p>\n<p>Die durch die Seitenbetreiber erstellten Inhalte und Werke auf diesen Seiten unterliegen dem deutschen Urheberrecht. Die Vervielf\u00e4ltigung, Bearbeitung, Verbreitung und jede Art der Verwertung au\u00dferhalb der Grenzen des Urheberrechtes bed\u00fcrfen der schriftlichen Zustimmung des jeweiligen Autors bzw. Erstellers. Downloads und Kopien dieser Seite sind nur f\u00fcr den privaten, nicht kommerziellen Gebrauch gestattet.<\/p>\n<p>Soweit die Inhalte auf dieser Seite nicht vom Betreiber erstellt wurden, werden die Urheberrechte Dritter beachtet. Insbesondere werden Inhalte Dritter als solche gekennzeichnet. Sollten Sie trotzdem auf eine Urheberrechtsverletzung aufmerksam werden, bitten wir um einen entsprechenden Hinweis. Bei Bekanntwerden von Rechtsverletzungen werden wir derartige Inhalte umgehend entfernen.[\/vc_column_text][\/vc_column_inner][\/vc_row_inner][\/vc_column][\/vc_row]<\/p>\n","protected":false},"excerpt":{"rendered":"<p>[vc_row top=&#8220;0px&#8220; bottom=&#8220;0px&#8220;][vc_column][vc_column_text] Angaben gem\u00e4\u00df \u00a7 5 TMG: Zahnarztpraxis drs. Ingenegeren M.Sc. M.Sc. Schwerpunkte: Implantologie, Laser-Zahnheilkunde, Zahn\u00e4rztliche Chirurgie Gladbecker Str.<\/p>\n","protected":false},"author":4,"featured_media":0,"parent":0,"menu_order":0,"comment_status":"closed","ping_status":"closed","template":"","meta":[],"yoast_head":"<!-- This site is optimized with the Yoast SEO plugin v15.3 - https:\/\/yoast.com\/wordpress\/plugins\/seo\/ -->\n<title>Impressum - drs. Ingmar Ingengeren M.Sc. M.Sc.<\/title>\n<meta name=\"robots\" content=\"index, follow, max-snippet:-1, max-image-preview:large, max-video-preview:-1\" \/>\n<link rel=\"canonical\" href=\"https:\/\/praxis-ingenegeren.de\/index.php\/medical-services\/\" \/>\n<meta property=\"og:locale\" content=\"de_DE\" \/>\n<meta property=\"og:type\" content=\"article\" \/>\n<meta property=\"og:title\" content=\"Impressum - drs. Ingmar Ingengeren M.Sc. M.Sc.\" \/>\n<meta property=\"og:description\" content=\"[vc_row top=&#8220;0px&#8220; bottom=&#8220;0px&#8220;][vc_column][vc_column_text] Angaben gem\u00e4\u00df \u00a7 5 TMG: Zahnarztpraxis drs. Ingenegeren M.Sc. M.Sc. Schwerpunkte: Implantologie, Laser-Zahnheilkunde, Zahn\u00e4rztliche Chirurgie Gladbecker Str.\" \/>\n<meta property=\"og:url\" content=\"https:\/\/praxis-ingenegeren.de\/index.php\/medical-services\/\" \/>\n<meta property=\"og:site_name\" content=\"drs. Ingmar Ingengeren M.Sc. M.Sc.\" \/>\n<meta property=\"article:modified_time\" content=\"2023-09-27T12:33:53+00:00\" \/>\n<meta name=\"twitter:card\" content=\"summary_large_image\" \/>\n<meta name=\"twitter:label1\" content=\"Verfasst von\">\n\t<meta name=\"twitter:data1\" content=\"2021-content-user-2021\">\n\t<meta name=\"twitter:label2\" content=\"Gesch\u00e4tzte Lesezeit\">\n\t<meta name=\"twitter:data2\" content=\"2\u00a0Minuten\">\n<script type=\"application\/ld+json\" class=\"yoast-schema-graph\">{\"@context\":\"https:\/\/schema.org\",\"@graph\":[{\"@type\":\"WebSite\",\"@id\":\"https:\/\/praxis-ingenegeren.de\/#website\",\"url\":\"https:\/\/praxis-ingenegeren.de\/\",\"name\":\"drs. Ingmar Ingengeren M.Sc. M.Sc.\",\"description\":\"Spezialisierte Zahnarztpraxis f\\u00fcr Implantologie * Oralchirurgie * Laser-Zahnmedizin\",\"potentialAction\":[{\"@type\":\"SearchAction\",\"target\":\"https:\/\/praxis-ingenegeren.de\/?s={search_term_string}\",\"query-input\":\"required name=search_term_string\"}],\"inLanguage\":\"de\"},{\"@type\":\"WebPage\",\"@id\":\"https:\/\/praxis-ingenegeren.de\/index.php\/medical-services\/#webpage\",\"url\":\"https:\/\/praxis-ingenegeren.de\/index.php\/medical-services\/\",\"name\":\"Impressum - drs. Ingmar Ingengeren M.Sc. M.Sc.\",\"isPartOf\":{\"@id\":\"https:\/\/praxis-ingenegeren.de\/#website\"},\"datePublished\":\"2017-01-11T18:16:39+00:00\",\"dateModified\":\"2023-09-27T12:33:53+00:00\",\"inLanguage\":\"de\",\"potentialAction\":[{\"@type\":\"ReadAction\",\"target\":[\"https:\/\/praxis-ingenegeren.de\/index.php\/medical-services\/\"]}]}]}<\/script>\n<!-- \/ Yoast SEO plugin. -->","_links":{"self":[{"href":"https:\/\/praxis-ingenegeren.de\/index.php\/wp-json\/wp\/v2\/pages\/759"}],"collection":[{"href":"https:\/\/praxis-ingenegeren.de\/index.php\/wp-json\/wp\/v2\/pages"}],"about":[{"href":"https:\/\/praxis-ingenegeren.de\/index.php\/wp-json\/wp\/v2\/types\/page"}],"author":[{"embeddable":true,"href":"https:\/\/praxis-ingenegeren.de\/index.php\/wp-json\/wp\/v2\/users\/4"}],"replies":[{"embeddable":true,"href":"https:\/\/praxis-ingenegeren.de\/index.php\/wp-json\/wp\/v2\/comments?post=759"}],"version-history":[{"count":8,"href":"https:\/\/praxis-ingenegeren.de\/index.php\/wp-json\/wp\/v2\/pages\/759\/revisions"}],"predecessor-version":[{"id":1518,"href":"https:\/\/praxis-ingenegeren.de\/index.php\/wp-json\/wp\/v2\/pages\/759\/revisions\/1518"}],"wp:attachment":[{"href":"https:\/\/praxis-ingenegeren.de\/index.php\/wp-json\/wp\/v2\/media?parent=759"}],"curies":[{"name":"wp","href":"https:\/\/api.w.org\/{rel}","templated":true}]}}